{"id":1212,"date":"2025-09-03T09:14:01","date_gmt":"2025-09-03T09:14:01","guid":{"rendered":"https:\/\/mannerheim-museo.fi\/varukorg\/"},"modified":"2026-01-08T14:19:24","modified_gmt":"2026-01-08T14:19:24","slug":"varukorg","status":"publish","type":"page","link":"https:\/\/mannerheim-museo.fi\/sv\/varukorg\/","title":{"rendered":"Varukorg"},"content":{"rendered":"\r\n<div data-block-name=\"woocommerce\/cart\" class=\"wp-block-woocommerce-cart alignwide is-loading\">\r\n<div data-block-name=\"woocommerce\/filled-cart-block\" class=\"wp-block-woocommerce-filled-cart-block\">\r\n<div data-block-name=\"woocommerce\/cart-items-block\" class=\"wp-block-woocommerce-cart-items-block\">\r\n<div data-block-name=\"woocommerce\/cart-line-items-block\" class=\"wp-block-woocommerce-cart-line-items-block\">\u00a0<\/div>\r\n\r\n\r\n<\/div>\r\n\r\n\r\n\r\n<div data-block-name=\"woocommerce\/cart-totals-block\" class=\"wp-block-woocommerce-cart-totals-block\">\r\n<div data-block-name=\"woocommerce\/cart-order-summary-block\" class=\"wp-block-woocommerce-cart-order-summary-block\">\r\n<div data-block-name=\"woocommerce\/cart-order-summary-heading-block\" class=\"wp-block-woocommerce-cart-order-summary-heading-block\">\u00a0<\/div>\r\n\r\n\r\n\r\n<div data-block-name=\"woocommerce\/cart-order-summary-coupon-form-block\" class=\"wp-block-woocommerce-cart-order-summary-coupon-form-block\">\u00a0<\/div>\r\n\r\n\r\n\r\n\r\n\r\n\r\n\r\n\r\n\r\n\r\n\r\n\r\n\r\n\r\n\r\n\r\n\r\n\r\n\r\n<div data-block-name=\"woocommerce\/cart-order-summary-totals-block\" class=\"wp-block-woocommerce-cart-order-summary-totals-block\">\n<div data-block-name=\"woocommerce\/cart-order-summary-subtotal-block\" class=\"wp-block-woocommerce-cart-order-summary-subtotal-block\">\u00a0<\/div>\n<div data-block-name=\"woocommerce\/cart-order-summary-discount-block\" class=\"wp-block-woocommerce-cart-order-summary-discount-block\">\u00a0<\/div>\n<div data-block-name=\"woocommerce\/cart-order-summary-fee-block\" class=\"wp-block-woocommerce-cart-order-summary-fee-block\">\u00a0<\/div>\n<div data-block-name=\"woocommerce\/cart-order-summary-shipping-block\" class=\"wp-block-woocommerce-cart-order-summary-shipping-block\">\u00a0<\/div>\n<div data-block-name=\"woocommerce\/cart-order-summary-taxes-block\" class=\"wp-block-woocommerce-cart-order-summary-taxes-block\">\u00a0<\/div><\/div>\r\n<\/div>\r\n\r\n\r\n\r\n<div data-block-name=\"woocommerce\/cart-express-payment-block\" class=\"wp-block-woocommerce-cart-express-payment-block\">\u00a0<\/div>\r\n\r\n\r\n\r\n<div data-block-name=\"woocommerce\/proceed-to-checkout-block\" class=\"wp-block-woocommerce-proceed-to-checkout-block\">\u00a0<\/div>\r\n\r\n\r\n\r\n<div data-block-name=\"woocommerce\/cart-accepted-payment-methods-block\" class=\"wp-block-woocommerce-cart-accepted-payment-methods-block\">\u00a0<\/div>\r\n<\/div>\r\n<\/div>\r\n\r\n\r\n\r\n<div data-block-name=\"woocommerce\/empty-cart-block\" class=\"wp-block-woocommerce-empty-cart-block\">\r\n<h2 class=\"wp-block-heading has-text-align-center with-empty-cart-icon wc-block-cart__empty-cart__title\">Din varukorg \u00e4r f\u00f6r n\u00e4rvarande tom!<\/h2>\r\n\r\n\r\n<hr class=\"wp-block-separator has-alpha-channel-opacity is-style-dots\" \/>\r\n\r\n\r\n<h2 class=\"wp-block-heading has-text-align-center\">Nytt i butik<\/h2>\r\n\r\n\r\n<div data-block-name=\"woocommerce\/product-new\" data-columns=\"4\" data-rows=\"1\" class=\"wc-block-grid wp-block-product-new wp-block-woocommerce-product-new wc-block-product-new has-4-columns\"><ul class=\"wc-block-grid__products\"><li class=\"wc-block-grid__product\">\n\t\t\t\t<a href=\"https:\/\/mannerheim-museo.fi\/sv\/product\/kadett\/\" class=\"wc-block-grid__product-link\">\n\t\t\t\t\t\n\t\t\t\t\t<div class=\"wc-block-grid__product-image\"><img loading=\"lazy\" decoding=\"async\" width=\"300\" height=\"300\" src=\"https:\/\/mannerheim-museo.fi\/wp-content\/uploads\/woocommerce-placeholder-300x300.webp\" class=\"woocommerce-placeholder wp-post-image\" alt=\"\" srcset=\"https:\/\/mannerheim-museo.fi\/wp-content\/uploads\/woocommerce-placeholder-300x300.webp 300w, https:\/\/mannerheim-museo.fi\/wp-content\/uploads\/woocommerce-placeholder-100x100.webp 100w, https:\/\/mannerheim-museo.fi\/wp-content\/uploads\/woocommerce-placeholder-600x600.webp 600w, https:\/\/mannerheim-museo.fi\/wp-content\/uploads\/woocommerce-placeholder-1024x1024.webp 1024w, https:\/\/mannerheim-museo.fi\/wp-content\/uploads\/woocommerce-placeholder-150x150.webp 150w, https:\/\/mannerheim-museo.fi\/wp-content\/uploads\/woocommerce-placeholder-768x768.webp 768w, https:\/\/mannerheim-museo.fi\/wp-content\/uploads\/woocommerce-placeholder.webp 1200w\" sizes=\"auto, (max-width: 300px) 100vw, 300px\" \/><\/div>\n\t\t\t\t\t<div class=\"wc-block-grid__product-title\">Kadett<\/div>\n\t\t\t\t<\/a>\n\t\t\t\t<div class=\"wc-block-grid__product-price price\"><span class=\"woocommerce-Price-amount amount\">0,00&nbsp;<span class=\"woocommerce-Price-currencySymbol\">&euro;<\/span><\/span><\/div>\n\t\t\t\t\n\t\t\t\t<div class=\"wp-block-button wc-block-grid__product-add-to-cart\"><a href=\"\/sv\/wp-json\/wp\/v2\/pages\/1212?add-to-cart=1220\" aria-label=\"L\u00e4gg till i varukorgen: \u201dKadett\u201d\" data-quantity=\"1\" data-product_id=\"1220\" data-product_sku=\"\" data-price=\"0\" rel=\"nofollow\" class=\"wp-block-button__link  add_to_cart_button ajax_add_to_cart\">L\u00e4gg till i varukorg<\/a><\/div>\n\t\t\t<\/li><li class=\"wc-block-grid__product\">\n\t\t\t\t<a href=\"https:\/\/mannerheim-museo.fi\/sv\/product\/krigsveteran-aven-fredsbevarare-eller-lotta\/\" class=\"wc-block-grid__product-link\">\n\t\t\t\t\t\n\t\t\t\t\t<div class=\"wc-block-grid__product-image\"><img loading=\"lazy\" decoding=\"async\" width=\"300\" height=\"300\" src=\"https:\/\/mannerheim-museo.fi\/wp-content\/uploads\/woocommerce-placeholder-300x300.webp\" class=\"woocommerce-placeholder wp-post-image\" alt=\"\" srcset=\"https:\/\/mannerheim-museo.fi\/wp-content\/uploads\/woocommerce-placeholder-300x300.webp 300w, https:\/\/mannerheim-museo.fi\/wp-content\/uploads\/woocommerce-placeholder-100x100.webp 100w, https:\/\/mannerheim-museo.fi\/wp-content\/uploads\/woocommerce-placeholder-600x600.webp 600w, https:\/\/mannerheim-museo.fi\/wp-content\/uploads\/woocommerce-placeholder-1024x1024.webp 1024w, https:\/\/mannerheim-museo.fi\/wp-content\/uploads\/woocommerce-placeholder-150x150.webp 150w, https:\/\/mannerheim-museo.fi\/wp-content\/uploads\/woocommerce-placeholder-768x768.webp 768w, https:\/\/mannerheim-museo.fi\/wp-content\/uploads\/woocommerce-placeholder.webp 1200w\" sizes=\"auto, (max-width: 300px) 100vw, 300px\" \/><\/div>\n\t\t\t\t\t<div class=\"wc-block-grid__product-title\">Krigsveteran (\u00e4ven fredsbevarare) eller Lotta<\/div>\n\t\t\t\t<\/a>\n\t\t\t\t<div class=\"wc-block-grid__product-price price\"><span class=\"woocommerce-Price-amount amount\">0,00&nbsp;<span class=\"woocommerce-Price-currencySymbol\">&euro;<\/span><\/span><\/div>\n\t\t\t\t\n\t\t\t\t<div class=\"wp-block-button wc-block-grid__product-add-to-cart\"><a href=\"\/sv\/wp-json\/wp\/v2\/pages\/1212?add-to-cart=1219\" aria-label=\"L\u00e4gg till i varukorgen: \u201dKrigsveteran (\u00e4ven fredsbevarare) eller Lotta\u201d\" data-quantity=\"1\" data-product_id=\"1219\" data-product_sku=\"\" data-price=\"0\" rel=\"nofollow\" class=\"wp-block-button__link  add_to_cart_button ajax_add_to_cart\">L\u00e4gg till i varukorg<\/a><\/div>\n\t\t\t<\/li><li class=\"wc-block-grid__product\">\n\t\t\t\t<a href=\"https:\/\/mannerheim-museo.fi\/sv\/product\/museikort-eller-helsinki-card\/\" class=\"wc-block-grid__product-link\">\n\t\t\t\t\t\n\t\t\t\t\t<div class=\"wc-block-grid__product-image\"><img loading=\"lazy\" decoding=\"async\" width=\"300\" height=\"300\" src=\"https:\/\/mannerheim-museo.fi\/wp-content\/uploads\/woocommerce-placeholder-300x300.webp\" class=\"woocommerce-placeholder wp-post-image\" alt=\"\" srcset=\"https:\/\/mannerheim-museo.fi\/wp-content\/uploads\/woocommerce-placeholder-300x300.webp 300w, https:\/\/mannerheim-museo.fi\/wp-content\/uploads\/woocommerce-placeholder-100x100.webp 100w, https:\/\/mannerheim-museo.fi\/wp-content\/uploads\/woocommerce-placeholder-600x600.webp 600w, https:\/\/mannerheim-museo.fi\/wp-content\/uploads\/woocommerce-placeholder-1024x1024.webp 1024w, https:\/\/mannerheim-museo.fi\/wp-content\/uploads\/woocommerce-placeholder-150x150.webp 150w, https:\/\/mannerheim-museo.fi\/wp-content\/uploads\/woocommerce-placeholder-768x768.webp 768w, https:\/\/mannerheim-museo.fi\/wp-content\/uploads\/woocommerce-placeholder.webp 1200w\" sizes=\"auto, (max-width: 300px) 100vw, 300px\" \/><\/div>\n\t\t\t\t\t<div class=\"wc-block-grid__product-title\">Museikort eller Helsinki Card<\/div>\n\t\t\t\t<\/a>\n\t\t\t\t<div class=\"wc-block-grid__product-price price\"><span class=\"woocommerce-Price-amount amount\">0,00&nbsp;<span class=\"woocommerce-Price-currencySymbol\">&euro;<\/span><\/span><\/div>\n\t\t\t\t\n\t\t\t\t<div class=\"wp-block-button wc-block-grid__product-add-to-cart\"><a href=\"\/sv\/wp-json\/wp\/v2\/pages\/1212?add-to-cart=1218\" aria-label=\"L\u00e4gg till i varukorgen: \u201dMuseikort eller Helsinki Card\u201d\" data-quantity=\"1\" data-product_id=\"1218\" data-product_sku=\"\" data-price=\"0\" rel=\"nofollow\" class=\"wp-block-button__link  add_to_cart_button ajax_add_to_cart\">L\u00e4gg till i varukorg<\/a><\/div>\n\t\t\t<\/li><li class=\"wc-block-grid__product\">\n\t\t\t\t<a href=\"https:\/\/mannerheim-museo.fi\/sv\/product\/barn-under-12-ar\/\" class=\"wc-block-grid__product-link\">\n\t\t\t\t\t\n\t\t\t\t\t<div class=\"wc-block-grid__product-image\"><img loading=\"lazy\" decoding=\"async\" width=\"300\" height=\"300\" src=\"https:\/\/mannerheim-museo.fi\/wp-content\/uploads\/woocommerce-placeholder-300x300.webp\" class=\"woocommerce-placeholder wp-post-image\" alt=\"\" srcset=\"https:\/\/mannerheim-museo.fi\/wp-content\/uploads\/woocommerce-placeholder-300x300.webp 300w, https:\/\/mannerheim-museo.fi\/wp-content\/uploads\/woocommerce-placeholder-100x100.webp 100w, https:\/\/mannerheim-museo.fi\/wp-content\/uploads\/woocommerce-placeholder-600x600.webp 600w, https:\/\/mannerheim-museo.fi\/wp-content\/uploads\/woocommerce-placeholder-1024x1024.webp 1024w, https:\/\/mannerheim-museo.fi\/wp-content\/uploads\/woocommerce-placeholder-150x150.webp 150w, https:\/\/mannerheim-museo.fi\/wp-content\/uploads\/woocommerce-placeholder-768x768.webp 768w, https:\/\/mannerheim-museo.fi\/wp-content\/uploads\/woocommerce-placeholder.webp 1200w\" sizes=\"auto, (max-width: 300px) 100vw, 300px\" \/><\/div>\n\t\t\t\t\t<div class=\"wc-block-grid__product-title\">Barn under 12 \u00e5r<\/div>\n\t\t\t\t<\/a>\n\t\t\t\t<div class=\"wc-block-grid__product-price price\"><span class=\"woocommerce-Price-amount amount\">0,00&nbsp;<span class=\"woocommerce-Price-currencySymbol\">&euro;<\/span><\/span><\/div>\n\t\t\t\t\n\t\t\t\t<div class=\"wp-block-button wc-block-grid__product-add-to-cart\"><a href=\"\/sv\/wp-json\/wp\/v2\/pages\/1212?add-to-cart=1217\" aria-label=\"L\u00e4gg till i varukorgen: \u201dBarn under 12 \u00e5r\u201d\" data-quantity=\"1\" data-product_id=\"1217\" data-product_sku=\"\" data-price=\"0\" rel=\"nofollow\" class=\"wp-block-button__link  add_to_cart_button ajax_add_to_cart\">L\u00e4gg till i varukorg<\/a><\/div>\n\t\t\t<\/li><\/ul><\/div><\/div>\r\n<\/div>\r\n","protected":false},"excerpt":{"rendered":"","protected":false},"author":1,"featured_media":0,"parent":0,"menu_order":0,"comment_status":"closed","ping_status":"closed","template":"","meta":{"_acf_changed":false,"footnotes":""},"class_list":["post-1212","page","type-page","status-publish","hentry"],"acf":[],"_links":{"self":[{"href":"https:\/\/mannerheim-museo.fi\/sv\/wp-json\/wp\/v2\/pages\/1212","targetHints":{"allow":["GET"]}}],"collection":[{"href":"https:\/\/mannerheim-museo.fi\/sv\/wp-json\/wp\/v2\/pages"}],"about":[{"href":"https:\/\/mannerheim-museo.fi\/sv\/wp-json\/wp\/v2\/types\/page"}],"author":[{"embeddable":true,"href":"https:\/\/mannerheim-museo.fi\/sv\/wp-json\/wp\/v2\/users\/1"}],"replies":[{"embeddable":true,"href":"https:\/\/mannerheim-museo.fi\/sv\/wp-json\/wp\/v2\/comments?post=1212"}],"version-history":[{"count":1,"href":"https:\/\/mannerheim-museo.fi\/sv\/wp-json\/wp\/v2\/pages\/1212\/revisions"}],"predecessor-version":[{"id":1429,"href":"https:\/\/mannerheim-museo.fi\/sv\/wp-json\/wp\/v2\/pages\/1212\/revisions\/1429"}],"wp:attachment":[{"href":"https:\/\/mannerheim-museo.fi\/sv\/wp-json\/wp\/v2\/media?parent=1212"}],"curies":[{"name":"wp","href":"https:\/\/api.w.org\/{rel}","templated":true}]}}